{"id":269,"date":"2024-03-25T19:02:54","date_gmt":"2024-03-25T19:02:54","guid":{"rendered":"https:\/\/mekatrome.vitemarketing.com\/?page_id=269"},"modified":"2024-03-25T19:06:56","modified_gmt":"2024-03-25T19:06:56","slug":"noticias","status":"publish","type":"page","link":"https:\/\/meka-trome.es\/en\/noticias\/","title":{"rendered":"Noticias"},"content":{"rendered":"<div data-elementor-type=\"wp-page\" data-elementor-id=\"269\" class=\"elementor elementor-269\" data-elementor-post-type=\"page\">\n\t\t\t\t<div class=\"elementor-element elementor-element-f3a02bf e-flex e-con-boxed e-con e-parent\" data-id=\"f3a02bf\" data-element_type=\"container\">\n\t\t\t\t\t<div class=\"e-con-inner\">\n\t\t<div class=\"elementor-element elementor-element-5600d34 e-con-full e-flex e-con e-child\" data-id=\"5600d34\" data-element_type=\"container\">\n\t\t\t\t<div class=\"elementor-element elementor-element-9ec0e67 elementor-absolute elementor-widget elementor-widget-image\" data-id=\"9ec0e67\" data-element_type=\"widget\" data-settings=\"{&quot;_position&quot;:&quot;absolute&quot;}\" data-widget_type=\"image.default\">\n\t\t\t\t<div class=\"elementor-widget-container\">\n\t\t\t\t\t\t\t\t\t\t\t\t\t\t\t<img fetchpriority=\"high\" decoding=\"async\" width=\"400\" height=\"192\" src=\"https:\/\/meka-trome.es\/wp-content\/uploads\/2024\/03\/pattern.png\" class=\"attachment-large size-large wp-image-33\" alt=\"\" srcset=\"https:\/\/meka-trome.es\/wp-content\/uploads\/2024\/03\/pattern.png 400w, https:\/\/meka-trome.es\/wp-content\/uploads\/2024\/03\/pattern-300x144.png 300w\" sizes=\"(max-width: 400px) 100vw, 400px\" \/>\t\t\t\t\t\t\t\t\t\t\t\t\t\t\t<\/div>\n\t\t\t\t<\/div>\n\t\t\t\t<\/div>\n\t\t\t\t\t<\/div>\n\t\t\t\t<\/div>\n\t\t<div class=\"elementor-element elementor-element-f312d49 e-flex e-con-boxed e-con e-parent\" data-id=\"f312d49\" data-element_type=\"container\">\n\t\t\t\t\t<div class=\"e-con-inner\">\n\t\t<div class=\"elementor-element elementor-element-5a12138 e-con-full e-flex e-con e-child\" data-id=\"5a12138\" data-element_type=\"container\">\n\t\t<div class=\"elementor-element elementor-element-8b1dea4 e-con-full e-flex e-con e-child\" data-id=\"8b1dea4\" data-element_type=\"container\">\n\t\t<div class=\"elementor-element elementor-element-b23332c e-con-full e-flex e-con e-child\" data-id=\"b23332c\" data-element_type=\"container\">\n\t\t\t\t<div class=\"elementor-element elementor-element-0925f66 elementor-widget elementor-widget-heading\" data-id=\"0925f66\" data-element_type=\"widget\" data-widget_type=\"heading.default\">\n\t\t\t\t<div class=\"elementor-widget-container\">\n\t\t\t\t\t<div class=\"elementor-heading-title elementor-size-default\">\u00daltimas noticias<\/div>\t\t\t\t<\/div>\n\t\t\t\t<\/div>\n\t\t\t\t<div class=\"elementor-element elementor-element-5ee23dc elementor-widget elementor-widget-heading\" data-id=\"5ee23dc\" data-element_type=\"widget\" data-widget_type=\"heading.default\">\n\t\t\t\t<div class=\"elementor-widget-container\">\n\t\t\t\t\t<h2 class=\"elementor-heading-title elementor-size-default\">Actualidad de <br>\nMeka- Trome<\/h2>\t\t\t\t<\/div>\n\t\t\t\t<\/div>\n\t\t\t\t<\/div>\n\t\t<div class=\"elementor-element elementor-element-0ccf66b e-con-full e-flex e-con e-child\" data-id=\"0ccf66b\" data-element_type=\"container\">\n\t\t\t\t<\/div>\n\t\t\t\t<\/div>\n\t\t\t\t<\/div>\n\t\t\t\t\t<\/div>\n\t\t\t\t<\/div>\n\t\t<div class=\"elementor-element elementor-element-556700c e-flex e-con-boxed e-con e-parent\" data-id=\"556700c\" data-element_type=\"container\" data-settings=\"{&quot;background_background&quot;:&quot;classic&quot;}\">\n\t\t\t\t\t<div class=\"e-con-inner\">\n\t\t\t\t<div class=\"elementor-element elementor-element-aada2aa elementor-grid-mobile-2 elementor-grid-3 elementor-grid-tablet-2 elementor-posts--thumbnail-top elementor-invisible elementor-widget elementor-widget-posts\" data-id=\"aada2aa\" data-element_type=\"widget\" data-settings=\"{&quot;classic_columns_mobile&quot;:&quot;2&quot;,&quot;_animation&quot;:&quot;zoomIn&quot;,&quot;classic_columns&quot;:&quot;3&quot;,&quot;classic_columns_tablet&quot;:&quot;2&quot;,&quot;classic_row_gap&quot;:{&quot;unit&quot;:&quot;px&quot;,&quot;size&quot;:35,&quot;sizes&quot;:[]},&quot;classic_row_gap_tablet&quot;:{&quot;unit&quot;:&quot;px&quot;,&quot;size&quot;:&quot;&quot;,&quot;sizes&quot;:[]},&quot;classic_row_gap_mobile&quot;:{&quot;unit&quot;:&quot;px&quot;,&quot;size&quot;:&quot;&quot;,&quot;sizes&quot;:[]}}\" data-widget_type=\"posts.classic\">\n\t\t\t\t<div class=\"elementor-widget-container\">\n\t\t\t\t\t\t\t<div class=\"elementor-posts-container elementor-posts elementor-posts--skin-classic elementor-grid\">\n\t\t\t\t<article class=\"elementor-post elementor-grid-item post-81 post type-post status-publish format-standard has-post-thumbnail hentry category-uncategorized\">\n\t\t\t\t<a class=\"elementor-post__thumbnail__link\" href=\"https:\/\/meka-trome.es\/en\/subvencion-conseguida\/\" tabindex=\"-1\" target=\"&quot;_blank&quot;\">\n\t\t\t<div class=\"elementor-post__thumbnail\"><img decoding=\"async\" width=\"1024\" height=\"566\" src=\"https:\/\/meka-trome.es\/wp-content\/uploads\/2024\/01\/Conselleria-Innovacion-Industria-Comercio-y-Turismo-1024x566.jpg\" class=\"attachment-large size-large wp-image-94\" alt=\"\" srcset=\"https:\/\/meka-trome.es\/wp-content\/uploads\/2024\/01\/Conselleria-Innovacion-Industria-Comercio-y-Turismo-1024x566.jpg 1024w, https:\/\/meka-trome.es\/wp-content\/uploads\/2024\/01\/Conselleria-Innovacion-Industria-Comercio-y-Turismo-300x166.jpg 300w, https:\/\/meka-trome.es\/wp-content\/uploads\/2024\/01\/Conselleria-Innovacion-Industria-Comercio-y-Turismo-768x425.jpg 768w, https:\/\/meka-trome.es\/wp-content\/uploads\/2024\/01\/Conselleria-Innovacion-Industria-Comercio-y-Turismo.jpg 1181w\" sizes=\"(max-width: 1024px) 100vw, 1024px\" \/><\/div>\n\t\t<\/a>\n\t\t\t\t<div class=\"elementor-post__text\">\n\t\t\t\t<h3 class=\"elementor-post__title\">\n\t\t\t<a href=\"https:\/\/meka-trome.es\/en\/subvencion-conseguida\/\" target=\"&quot;_blank&quot;\">\n\t\t\t\t\u00a1Subvenci\u00f3n conseguida!\t\t\t<\/a>\n\t\t<\/h3>\n\t\t\t\t<div class=\"elementor-post__excerpt\">\n\t\t\t<p>Meka Trome, S.L. ha conseguido una subvenci\u00f3n que apoya la inversi\u00f3n realizada por la empresa para la adquisici\u00f3n de un centro mecanizado.<\/p>\n\t\t<\/div>\n\t\t\t\t\t<div class=\"elementor-post__read-more-wrapper\">\n\t\t\n\t\t<a class=\"elementor-post__read-more\" href=\"https:\/\/meka-trome.es\/en\/subvencion-conseguida\/\" aria-label=\"Read more about \u00a1Subvenci\u00f3n conseguida!\" tabindex=\"-1\" target=\"_blank\">\n\t\t\tLeer m\u00e1s \u00bb\t\t<\/a>\n\n\t\t\t\t\t<\/div>\n\t\t\t\t<\/div>\n\t\t\t\t<\/article>\n\t\t\t\t<\/div>\n\t\t\n\t\t\t\t\t\t<\/div>\n\t\t\t\t<\/div>\n\t\t\t\t\t<\/div>\n\t\t\t\t<\/div>\n\t\t<div class=\"elementor-element elementor-element-6bff376 e-flex e-con-boxed e-con e-parent\" data-id=\"6bff376\" data-element_type=\"container\" data-settings=\"{&quot;background_background&quot;:&quot;classic&quot;}\">\n\t\t\t\t\t<div class=\"e-con-inner\">\n\t\t\t\t<div class=\"elementor-element elementor-element-2324fe9 elementor-widget elementor-widget-heading\" data-id=\"2324fe9\" data-element_type=\"widget\" data-widget_type=\"heading.default\">\n\t\t\t\t<div class=\"elementor-widget-container\">\n\t\t\t\t\t<h2 class=\"elementor-heading-title elementor-size-default\">Contacta con nosotros<\/h2>\t\t\t\t<\/div>\n\t\t\t\t<\/div>\n\t\t<div class=\"elementor-element elementor-element-a8726bc e-flex e-con-boxed e-con e-child\" data-id=\"a8726bc\" data-element_type=\"container\">\n\t\t\t\t\t<div class=\"e-con-inner\">\n\t\t<div class=\"elementor-element elementor-element-a9f5e64 e-con-full e-flex e-con e-child\" data-id=\"a9f5e64\" data-element_type=\"container\">\n\t\t\t\t<div class=\"elementor-element elementor-element-05719a0 elementor-widget elementor-widget-google_maps\" data-id=\"05719a0\" data-element_type=\"widget\" data-widget_type=\"google_maps.default\">\n\t\t\t\t<div class=\"elementor-widget-container\">\n\t\t\t\t\t\t\t<div class=\"elementor-custom-embed\">\n\t\t\t<iframe loading=\"lazy\"\n\t\t\t\t\tsrc=\"https:\/\/maps.google.com\/maps?q=meka-trome&#038;t=m&#038;z=15&#038;output=embed&#038;iwloc=near\"\n\t\t\t\t\ttitle=\"meka-trome\"\n\t\t\t\t\taria-label=\"meka-trome\"\n\t\t\t><\/iframe>\n\t\t<\/div>\n\t\t\t\t\t\t<\/div>\n\t\t\t\t<\/div>\n\t\t\t\t<div class=\"elementor-element elementor-element-0d46328 elementor-widget elementor-widget-text-editor\" data-id=\"0d46328\" data-element_type=\"widget\" data-widget_type=\"text-editor.default\">\n\t\t\t\t<div class=\"elementor-widget-container\">\n\t\t\t\t\t\t\t\t\t<p>Pol. Ind. Les Foies C\/ Forn del vidre, S\/N<br \/>46830 Benig\u00e0nim (Valencia)<br \/><b>Email:\u00a0<\/b><a class=\"css-bpjfas\" href=\"mailto:mekatrome@gmail.com\">mekatrome@gmail.com<\/a><br \/><b>Telf:\u00a0<\/b><a class=\"css-bpjfas\" href=\"tel:645882594\">645882594<\/a><\/p>\t\t\t\t\t\t\t\t<\/div>\n\t\t\t\t<\/div>\n\t\t\t\t<\/div>\n\t\t<div class=\"elementor-element elementor-element-8ee6f11 e-con-full e-flex e-con e-child\" data-id=\"8ee6f11\" data-element_type=\"container\">\n\t\t\t\t<div class=\"elementor-element elementor-element-00075b0 elementor-button-align-end elementor-widget elementor-widget-form\" data-id=\"00075b0\" data-element_type=\"widget\" data-settings=\"{&quot;step_next_label&quot;:&quot;Siguiente&quot;,&quot;step_previous_label&quot;:&quot;Anterior&quot;,&quot;button_width&quot;:&quot;100&quot;,&quot;step_type&quot;:&quot;number_text&quot;,&quot;step_icon_shape&quot;:&quot;circle&quot;}\" data-widget_type=\"form.default\">\n\t\t\t\t<div class=\"elementor-widget-container\">\n\t\t\t\t\t\t\t<form class=\"elementor-form\" method=\"post\" name=\"Nuevo formulario\" action=\"\">\n\t\t\t<input type=\"hidden\" name=\"post_id\" value=\"269\"\/>\n\t\t\t<input type=\"hidden\" name=\"form_id\" value=\"00075b0\"\/>\n\t\t\t<input type=\"hidden\" name=\"referer_title\" value=\"Meka-Trome\" \/>\n\n\t\t\t\n\t\t\t<div class=\"elementor-form-fields-wrapper elementor-labels-\">\n\t\t\t\t\t\t\t\t<div class=\"elementor-field-type-text elementor-field-group elementor-column elementor-field-group-name elementor-col-100 elementor-field-required\">\n\t\t\t\t\t\t\t\t\t\t\t\t<label for=\"form-field-name\" class=\"elementor-field-label elementor-screen-only\">\n\t\t\t\t\t\t\t\tNombre\t\t\t\t\t\t\t<\/label>\n\t\t\t\t\t\t\t\t\t\t\t\t\t\t<input size=\"1\" type=\"text\" name=\"form_fields[name]\" id=\"form-field-name\" class=\"elementor-field elementor-size-md  elementor-field-textual\" placeholder=\"Nombre\" required=\"required\">\n\t\t\t\t\t\t\t\t\t\t\t<\/div>\n\t\t\t\t\t\t\t\t<div class=\"elementor-field-type-email elementor-field-group elementor-column elementor-field-group-email elementor-col-100 elementor-field-required\">\n\t\t\t\t\t\t\t\t\t\t\t\t<label for=\"form-field-email\" class=\"elementor-field-label elementor-screen-only\">\n\t\t\t\t\t\t\t\tCorreo electr\u00f3nico\t\t\t\t\t\t\t<\/label>\n\t\t\t\t\t\t\t\t\t\t\t\t\t\t<input size=\"1\" type=\"email\" name=\"form_fields[email]\" id=\"form-field-email\" class=\"elementor-field elementor-size-md  elementor-field-textual\" placeholder=\"Correo electr\u00f3nico\" required=\"required\">\n\t\t\t\t\t\t\t\t\t\t\t<\/div>\n\t\t\t\t\t\t\t\t<div class=\"elementor-field-type-textarea elementor-field-group elementor-column elementor-field-group-message elementor-col-100 elementor-field-required\">\n\t\t\t\t\t\t\t\t\t\t\t\t<label for=\"form-field-message\" class=\"elementor-field-label elementor-screen-only\">\n\t\t\t\t\t\t\t\tMensaje\t\t\t\t\t\t\t<\/label>\n\t\t\t\t\t\t<textarea class=\"elementor-field-textual elementor-field  elementor-size-md\" name=\"form_fields[message]\" id=\"form-field-message\" rows=\"4\" placeholder=\"Mensaje\" required=\"required\"><\/textarea>\t\t\t\t<\/div>\n\t\t\t\t\t\t\t\t<div class=\"elementor-field-type-acceptance elementor-field-group elementor-column elementor-field-group-field_d3bc9da elementor-col-100 elementor-field-required\">\n\t\t\t\t\t\t\t<div class=\"elementor-field-subgroup\">\n\t\t\t<span class=\"elementor-field-option\">\n\t\t\t\t<input type=\"checkbox\" name=\"form_fields[field_d3bc9da]\" id=\"form-field-field_d3bc9da\" class=\"elementor-field elementor-size-md  elementor-acceptance-field\" required=\"required\">\n\t\t\t\t<label for=\"form-field-field_d3bc9da\"><span style=\"color:white\">He le\u00eddo y acepto la Pol\u00edtica de Privacidad<\/span><\/label>\t\t\t<\/span>\n\t\t<\/div>\n\t\t\t\t\t\t<\/div>\n\t\t\t\t\t\t\t\t<div class=\"elementor-field-group elementor-column elementor-field-type-submit elementor-col-100 e-form__buttons\">\n\t\t\t\t\t<button class=\"elementor-button elementor-size-sm\" type=\"submit\">\n\t\t\t\t\t\t<span class=\"elementor-button-content-wrapper\">\n\t\t\t\t\t\t\t\t\t\t\t\t\t\t\t\t\t\t\t\t\t\t<span class=\"elementor-button-text\">Enviar<\/span>\n\t\t\t\t\t\t\t\t\t\t\t\t\t<\/span>\n\t\t\t\t\t<\/button>\n\t\t\t\t<\/div>\n\t\t\t<\/div>\n\t\t<input type=\"hidden\" name=\"trp-form-language\" value=\"en\"\/><\/form>\n\t\t\t\t\t\t<\/div>\n\t\t\t\t<\/div>\n\t\t\t\t<\/div>\n\t\t\t\t\t<\/div>\n\t\t\t\t<\/div>\n\t\t\t\t\t<\/div>\n\t\t\t\t<\/div>\n\t\t\t\t<\/div>","protected":false},"excerpt":{"rendered":"<p>\u00daltimas noticias Actualidad de Meka- Trome Contacta con nosotros Pol. Ind. Les Foies C\/ Forn del vidre, S\/N46830 Benig\u00e0nim (Valencia)Email:\u00a0mekatrome@gmail.comTelf:\u00a0645882594<\/p>","protected":false},"author":2,"featured_media":0,"parent":0,"menu_order":0,"comment_status":"closed","ping_status":"closed","template":"","meta":{"site-sidebar-layout":"no-sidebar","site-content-layout":"page-builder","ast-site-content-layout":"full-width-container","site-content-style":"default","site-sidebar-style":"default","ast-global-header-display":"","ast-banner-title-visibility":"","ast-main-header-display":"","ast-hfb-above-header-display":"","ast-hfb-below-header-display":"","ast-hfb-mobile-header-display":"","site-post-title":"disabled","ast-breadcrumbs-content":"","ast-featured-img":"disabled","footer-sml-layout":"","theme-transparent-header-meta":"","adv-header-id-meta":"","stick-header-meta":"","header-above-stick-meta":"","header-main-stick-meta":"","header-below-stick-meta":"","astra-migrate-meta-layouts":"set","ast-page-background-enabled":"default","ast-page-background-meta":{"desktop":{"background-color":"var(--ast-global-color-4)","background-image":"","background-repeat":"repeat","background-position":"center center","background-size":"auto","background-attachment":"scroll","background-type":"","background-media":"","overlay-type":"","overlay-color":"","overlay-opacity":"","overlay-gradient":""},"tablet":{"background-color":"","background-image":"","background-repeat":"repeat","background-position":"center center","background-size":"auto","background-attachment":"scroll","background-type":"","background-media":"","overlay-type":"","overlay-color":"","overlay-opacity":"","overlay-gradient":""},"mobile":{"background-color":"","background-image":"","background-repeat":"repeat","background-position":"center center","background-size":"auto","background-attachment":"scroll","background-type":"","background-media":"","overlay-type":"","overlay-color":"","overlay-opacity":"","overlay-gradient":""}},"ast-content-background-meta":{"desktop":{"background-color":"var(--ast-global-color-5)","background-image":"","background-repeat":"repeat","background-position":"center center","background-size":"auto","background-attachment":"scroll","background-type":"","background-media":"","overlay-type":"","overlay-color":"","overlay-opacity":"","overlay-gradient":""},"tablet":{"background-color":"var(--ast-global-color-5)","background-image":"","background-repeat":"repeat","background-position":"center center","background-size":"auto","background-attachment":"scroll","background-type":"","background-media":"","overlay-type":"","overlay-color":"","overlay-opacity":"","overlay-gradient":""},"mobile":{"background-color":"var(--ast-global-color-5)","background-image":"","background-repeat":"repeat","background-position":"center center","background-size":"auto","background-attachment":"scroll","background-type":"","background-media":"","overlay-type":"","overlay-color":"","overlay-opacity":"","overlay-gradient":""}},"footnotes":""},"class_list":["post-269","page","type-page","status-publish","hentry"],"yoast_head":"<!-- This site is optimized with the Yoast SEO plugin v24.3 - https:\/\/yoast.com\/wordpress\/plugins\/seo\/ -->\n<title>Noticias - Meka-Trome<\/title>\n<meta name=\"robots\" content=\"index, follow, max-snippet:-1, max-image-preview:large, max-video-preview:-1\" \/>\n<link rel=\"canonical\" href=\"https:\/\/meka-trome.es\/en\/noticias\/\" \/>\n<meta property=\"og:locale\" content=\"en_GB\" \/>\n<meta property=\"og:type\" content=\"article\" \/>\n<meta property=\"og:title\" content=\"Noticias - Meka-Trome\" \/>\n<meta property=\"og:description\" content=\"\u00daltimas noticias Actualidad de Meka- Trome Contacta con nosotros Pol. Ind. Les Foies C\/ Forn del vidre, S\/N46830 Benig\u00e0nim (Valencia)Email:\u00a0mekatrome@gmail.comTelf:\u00a0645882594\" \/>\n<meta property=\"og:url\" content=\"https:\/\/meka-trome.es\/en\/noticias\/\" \/>\n<meta property=\"og:site_name\" content=\"Meka-Trome\" \/>\n<meta property=\"article:modified_time\" content=\"2024-03-25T19:06:56+00:00\" \/>\n<meta property=\"og:image\" content=\"https:\/\/meka-trome.es\/wp-content\/uploads\/2024\/03\/pattern.png\" \/>\n<meta name=\"twitter:card\" content=\"summary_large_image\" \/>\n<script type=\"application\/ld+json\" class=\"yoast-schema-graph\">{\"@context\":\"https:\/\/schema.org\",\"@graph\":[{\"@type\":\"WebPage\",\"@id\":\"https:\/\/meka-trome.es\/noticias\/\",\"url\":\"https:\/\/meka-trome.es\/noticias\/\",\"name\":\"Noticias - Meka-Trome\",\"isPartOf\":{\"@id\":\"https:\/\/meka-trome.es\/#website\"},\"primaryImageOfPage\":{\"@id\":\"https:\/\/meka-trome.es\/noticias\/#primaryimage\"},\"image\":{\"@id\":\"https:\/\/meka-trome.es\/noticias\/#primaryimage\"},\"thumbnailUrl\":\"https:\/\/meka-trome.es\/wp-content\/uploads\/2024\/03\/pattern.png\",\"datePublished\":\"2024-03-25T19:02:54+00:00\",\"dateModified\":\"2024-03-25T19:06:56+00:00\",\"breadcrumb\":{\"@id\":\"https:\/\/meka-trome.es\/noticias\/#breadcrumb\"},\"inLanguage\":\"en-GB\",\"potentialAction\":[{\"@type\":\"ReadAction\",\"target\":[\"https:\/\/meka-trome.es\/noticias\/\"]}]},{\"@type\":\"ImageObject\",\"inLanguage\":\"en-GB\",\"@id\":\"https:\/\/meka-trome.es\/noticias\/#primaryimage\",\"url\":\"https:\/\/meka-trome.es\/wp-content\/uploads\/2024\/03\/pattern.png\",\"contentUrl\":\"https:\/\/meka-trome.es\/wp-content\/uploads\/2024\/03\/pattern.png\"},{\"@type\":\"BreadcrumbList\",\"@id\":\"https:\/\/meka-trome.es\/noticias\/#breadcrumb\",\"itemListElement\":[{\"@type\":\"ListItem\",\"position\":1,\"name\":\"Portada\",\"item\":\"https:\/\/meka-trome.es\/\"},{\"@type\":\"ListItem\",\"position\":2,\"name\":\"Noticias\"}]},{\"@type\":\"WebSite\",\"@id\":\"https:\/\/meka-trome.es\/#website\",\"url\":\"https:\/\/meka-trome.es\/\",\"name\":\"Meka-Trome\",\"description\":\"\",\"publisher\":{\"@id\":\"https:\/\/meka-trome.es\/#organization\"},\"potentialAction\":[{\"@type\":\"SearchAction\",\"target\":{\"@type\":\"EntryPoint\",\"urlTemplate\":\"https:\/\/meka-trome.es\/?s={search_term_string}\"},\"query-input\":{\"@type\":\"PropertyValueSpecification\",\"valueRequired\":true,\"valueName\":\"search_term_string\"}}],\"inLanguage\":\"en-GB\"},{\"@type\":\"Organization\",\"@id\":\"https:\/\/meka-trome.es\/#organization\",\"name\":\"Meka-Trome\",\"url\":\"https:\/\/meka-trome.es\/\",\"logo\":{\"@type\":\"ImageObject\",\"inLanguage\":\"en-GB\",\"@id\":\"https:\/\/meka-trome.es\/#\/schema\/logo\/image\/\",\"url\":\"https:\/\/meka-trome.es\/wp-content\/uploads\/2024\/03\/cropped-Diseno-sin-titulo-2024-03-25T124020.230.png\",\"contentUrl\":\"https:\/\/meka-trome.es\/wp-content\/uploads\/2024\/03\/cropped-Diseno-sin-titulo-2024-03-25T124020.230.png\",\"width\":938,\"height\":125,\"caption\":\"Meka-Trome\"},\"image\":{\"@id\":\"https:\/\/meka-trome.es\/#\/schema\/logo\/image\/\"}}]}<\/script>\n<!-- \/ Yoast SEO plugin. -->","yoast_head_json":{"title":"Noticias - Meka-Trome","robots":{"index":"index","follow":"follow","max-snippet":"max-snippet:-1","max-image-preview":"max-image-preview:large","max-video-preview":"max-video-preview:-1"},"canonical":"https:\/\/meka-trome.es\/en\/noticias\/","og_locale":"en_GB","og_type":"article","og_title":"Noticias - Meka-Trome","og_description":"\u00daltimas noticias Actualidad de Meka- Trome Contacta con nosotros Pol. Ind. Les Foies C\/ Forn del vidre, S\/N46830 Benig\u00e0nim (Valencia)Email:\u00a0mekatrome@gmail.comTelf:\u00a0645882594","og_url":"https:\/\/meka-trome.es\/en\/noticias\/","og_site_name":"Meka-Trome","article_modified_time":"2024-03-25T19:06:56+00:00","og_image":[{"url":"https:\/\/meka-trome.es\/wp-content\/uploads\/2024\/03\/pattern.png","type":"","width":"","height":""}],"twitter_card":"summary_large_image","schema":{"@context":"https:\/\/schema.org","@graph":[{"@type":"WebPage","@id":"https:\/\/meka-trome.es\/noticias\/","url":"https:\/\/meka-trome.es\/noticias\/","name":"Noticias - Meka-Trome","isPartOf":{"@id":"https:\/\/meka-trome.es\/#website"},"primaryImageOfPage":{"@id":"https:\/\/meka-trome.es\/noticias\/#primaryimage"},"image":{"@id":"https:\/\/meka-trome.es\/noticias\/#primaryimage"},"thumbnailUrl":"https:\/\/meka-trome.es\/wp-content\/uploads\/2024\/03\/pattern.png","datePublished":"2024-03-25T19:02:54+00:00","dateModified":"2024-03-25T19:06:56+00:00","breadcrumb":{"@id":"https:\/\/meka-trome.es\/noticias\/#breadcrumb"},"inLanguage":"en-GB","potentialAction":[{"@type":"ReadAction","target":["https:\/\/meka-trome.es\/noticias\/"]}]},{"@type":"ImageObject","inLanguage":"en-GB","@id":"https:\/\/meka-trome.es\/noticias\/#primaryimage","url":"https:\/\/meka-trome.es\/wp-content\/uploads\/2024\/03\/pattern.png","contentUrl":"https:\/\/meka-trome.es\/wp-content\/uploads\/2024\/03\/pattern.png"},{"@type":"BreadcrumbList","@id":"https:\/\/meka-trome.es\/noticias\/#breadcrumb","itemListElement":[{"@type":"ListItem","position":1,"name":"Portada","item":"https:\/\/meka-trome.es\/"},{"@type":"ListItem","position":2,"name":"Noticias"}]},{"@type":"WebSite","@id":"https:\/\/meka-trome.es\/#website","url":"https:\/\/meka-trome.es\/","name":"Meka-Trome","description":"","publisher":{"@id":"https:\/\/meka-trome.es\/#organization"},"potentialAction":[{"@type":"SearchAction","target":{"@type":"EntryPoint","urlTemplate":"https:\/\/meka-trome.es\/?s={search_term_string}"},"query-input":{"@type":"PropertyValueSpecification","valueRequired":true,"valueName":"search_term_string"}}],"inLanguage":"en-GB"},{"@type":"Organization","@id":"https:\/\/meka-trome.es\/#organization","name":"Meka-Trome","url":"https:\/\/meka-trome.es\/","logo":{"@type":"ImageObject","inLanguage":"en-GB","@id":"https:\/\/meka-trome.es\/#\/schema\/logo\/image\/","url":"https:\/\/meka-trome.es\/wp-content\/uploads\/2024\/03\/cropped-Diseno-sin-titulo-2024-03-25T124020.230.png","contentUrl":"https:\/\/meka-trome.es\/wp-content\/uploads\/2024\/03\/cropped-Diseno-sin-titulo-2024-03-25T124020.230.png","width":938,"height":125,"caption":"Meka-Trome"},"image":{"@id":"https:\/\/meka-trome.es\/#\/schema\/logo\/image\/"}}]}},"_links":{"self":[{"href":"https:\/\/meka-trome.es\/en\/wp-json\/wp\/v2\/pages\/269","targetHints":{"allow":["GET"]}}],"collection":[{"href":"https:\/\/meka-trome.es\/en\/wp-json\/wp\/v2\/pages"}],"about":[{"href":"https:\/\/meka-trome.es\/en\/wp-json\/wp\/v2\/types\/page"}],"author":[{"embeddable":true,"href":"https:\/\/meka-trome.es\/en\/wp-json\/wp\/v2\/users\/2"}],"replies":[{"embeddable":true,"href":"https:\/\/meka-trome.es\/en\/wp-json\/wp\/v2\/comments?post=269"}],"version-history":[{"count":7,"href":"https:\/\/meka-trome.es\/en\/wp-json\/wp\/v2\/pages\/269\/revisions"}],"predecessor-version":[{"id":281,"href":"https:\/\/meka-trome.es\/en\/wp-json\/wp\/v2\/pages\/269\/revisions\/281"}],"wp:attachment":[{"href":"https:\/\/meka-trome.es\/en\/wp-json\/wp\/v2\/media?parent=269"}],"curies":[{"name":"wp","href":"https:\/\/api.w.org\/{rel}","templated":true}]}}